{"id":10,"date":"2015-02-27T12:21:40","date_gmt":"2015-02-27T11:21:40","guid":{"rendered":"http:\/\/home.gitaonnen.de\/?page_id=10"},"modified":"2023-12-31T21:42:34","modified_gmt":"2023-12-31T20:42:34","slug":"home","status":"publish","type":"page","link":"https:\/\/www.gitaonnen.de\/","title":{"rendered":"home"},"content":{"rendered":"<p>Auf dieser website finden Sie Informationen \u00fcber die Arbeit von Gita Sophia Onnen mit T\u00e4nzen des Universellen Friedens, als Ausbilderin f\u00fcr die T\u00e4nze, als Murshida der Sufi-Ruhaniat-International und als Buch\u00fcbersetzerin. Neben Hintergrundinformationen sind auch alle Veranstaltungen zu finden.<br \/>\nEin zentraler Bestandteil ihrer Arbeit ist <strong>Sufi-Soulwork<\/strong>, hier ein <a href=\"https:\/\/www.gitaonnen.de\/wp-content\/uploads\/2021\/06\/Heilung_durch_Soulwork.pdf\" target=\"_blank\" rel=\"noopener\">interessanter Artikel<\/a> zu diesem Thema.<\/p>\n<p>Weitere Info und Materialien zu den T\u00e4nzen wie CD&#8217;s, B\u00fccher, Tanzanleitungshefte etc. gibt es im <a title=\"Sekretariat Friedenst\u00e4nze\" href=\"http:\/\/friedenst\u00e4nze.de\/wer_ist.html\" target=\"_blank\" rel=\"noopener\">Sekretariat der T\u00e4nze des Universellen Friedens<\/a> in Ruckhardtshausen.<br \/>\nAuf der homepage der Friedenst\u00e4nze (<a href=\"https:\/\/www.friedenstaenze.de\" target=\"_blank\" rel=\"noopener\">www.friedenstaenze.de<\/a>) findet sich ein <a href=\"http:\/\/www.friedenstaenze.de\/shop.php\" target=\"_blank\" rel=\"noopener\">Online-Shop<\/a>, in dem man direkt nach weiterf\u00fchrenden Materialien st\u00f6bern kann. Buchempfehlungen sind z. B.<\/p>\n<ul>\n<li><strong>Das Sufibuch des Lebens &#8211; 99 Meditationen der Liebe<\/strong><\/li>\n<li><strong>Das Vaterunser<\/strong><\/li>\n<li><strong>Moineddin Jablonski: Das Erleuchten des Schattens<\/strong><\/li>\n<li><strong>G\u00e4rten der Vision und Initiation &#8211; die Lebensreise von Samuel L. Lewis<\/strong> (Verlag Heilbronn)<br \/>\nalle vier von Neil Douglas-Klotz<\/li>\n<li><strong>Medizin des Herzens &#8211; 99 Heilungswege der Sufis<\/strong><br \/>\nAutoren: Wali Ali Meyer, Bilal Hyde, Faisal Muqaddam, Shabda Kahn<br \/>\nVerlag Heilbronn (englische Originalausgabe: Physians of the Heart &#8211; A Sufi View of the Ninety-Nine Names of Allah, 2011 Sufi Ruhaniat International)<\/li>\n<\/ul>\n<p>Viel Spa\u00df auf meiner Seite!<\/p>\n","protected":false},"excerpt":{"rendered":"<p>Auf dieser website finden Sie Informationen \u00fcber die Arbeit von Gita Sophia Onnen mit T\u00e4nzen des Universellen Friedens, als Ausbilderin f\u00fcr die T\u00e4nze, als Murshida der Sufi-Ruhaniat-International und als Buch\u00fcbersetzerin. Neben Hintergrundinformationen sind auch alle Veranstaltungen zu finden. Ein zentraler <span class=\"excerpt-dots\">&hellip;<\/span> <a class=\"more-link\" href=\"https:\/\/www.gitaonnen.de\/\"><span class=\"more-msg\">Weiterlesen &rarr;<\/span><\/a><\/p>\n","protected":false},"author":1,"featured_media":0,"parent":0,"menu_order":0,"comment_status":"closed","ping_status":"open","template":"","meta":{"footnotes":""},"class_list":["post-10","page","type-page","status-publish","hentry"],"_links":{"self":[{"href":"https:\/\/www.gitaonnen.de\/index.php?rest_route=\/wp\/v2\/pages\/10","targetHints":{"allow":["GET"]}}],"collection":[{"href":"https:\/\/www.gitaonnen.de\/index.php?rest_route=\/wp\/v2\/pages"}],"about":[{"href":"https:\/\/www.gitaonnen.de\/index.php?rest_route=\/wp\/v2\/types\/page"}],"author":[{"embeddable":true,"href":"https:\/\/www.gitaonnen.de\/index.php?rest_route=\/wp\/v2\/users\/1"}],"replies":[{"embeddable":true,"href":"https:\/\/www.gitaonnen.de\/index.php?rest_route=%2Fwp%2Fv2%2Fcomments&post=10"}],"version-history":[{"count":25,"href":"https:\/\/www.gitaonnen.de\/index.php?rest_route=\/wp\/v2\/pages\/10\/revisions"}],"predecessor-version":[{"id":568,"href":"https:\/\/www.gitaonnen.de\/index.php?rest_route=\/wp\/v2\/pages\/10\/revisions\/568"}],"wp:attachment":[{"href":"https:\/\/www.gitaonnen.de\/index.php?rest_route=%2Fwp%2Fv2%2Fmedia&parent=10"}],"curies":[{"name":"wp","href":"https:\/\/api.w.org\/{rel}","templated":true}]}}