{"id":14,"date":"2015-02-27T12:24:45","date_gmt":"2015-02-27T11:24:45","guid":{"rendered":"http:\/\/home.gitaonnen.de\/?page_id=14"},"modified":"2025-11-14T12:54:46","modified_gmt":"2025-11-14T11:54:46","slug":"gita-sophia","status":"publish","type":"page","link":"https:\/\/www.gitaonnen.de\/?page_id=14","title":{"rendered":"Gita Sophia"},"content":{"rendered":"<p><span style=\"font-size: 16pt;\"><strong>Ausbilderin und Mentorin f\u00fcr die T\u00e4nze des Universellen Friedens<\/strong><\/span><\/p>\n<p><img loading=\"lazy\" decoding=\"async\" class=\"alignleft  wp-image-515\" src=\"https:\/\/www.gitaonnen.de\/wp-content\/uploads\/2023\/02\/Gita_2023_web-284x300.jpg\" alt=\"\" width=\"187\" height=\"198\" srcset=\"https:\/\/www.gitaonnen.de\/wp-content\/uploads\/2023\/02\/Gita_2023_web-284x300.jpg 284w, https:\/\/www.gitaonnen.de\/wp-content\/uploads\/2023\/02\/Gita_2023_web.jpg 337w\" sizes=\"auto, (max-width: 187px) 100vw, 187px\" \/>Seit 38 Jahren bin ich mit dem universellen Sufismus verbunden und arbeite als Lehrerin f\u00fcr die T\u00e4nze des Universellen Friedens und Sufi-Soulwork.<br \/>\nSpirituelle Begleiterin auf dem Sufi-Weg des Herzens, des Erwachens.<\/p>\n","protected":false},"excerpt":{"rendered":"<p>Ausbilderin und Mentorin f\u00fcr die T\u00e4nze des Universellen Friedens Seit 38 Jahren bin ich mit dem universellen Sufismus verbunden und arbeite als Lehrerin f\u00fcr die T\u00e4nze des Universellen Friedens und Sufi-Soulwork. Spirituelle Begleiterin auf dem Sufi-Weg des Herzens, des Erwachens.<\/p>\n <a class=\"more-link\" href=\"https:\/\/www.gitaonnen.de\/?page_id=14\"><span class=\"more-msg\">Weiterlesen &rarr;<\/span><\/a>","protected":false},"author":1,"featured_media":0,"parent":0,"menu_order":0,"comment_status":"closed","ping_status":"open","template":"","meta":{"footnotes":""},"class_list":["post-14","page","type-page","status-publish","hentry"],"_links":{"self":[{"href":"https:\/\/www.gitaonnen.de\/index.php?rest_route=\/wp\/v2\/pages\/14","targetHints":{"allow":["GET"]}}],"collection":[{"href":"https:\/\/www.gitaonnen.de\/index.php?rest_route=\/wp\/v2\/pages"}],"about":[{"href":"https:\/\/www.gitaonnen.de\/index.php?rest_route=\/wp\/v2\/types\/page"}],"author":[{"embeddable":true,"href":"https:\/\/www.gitaonnen.de\/index.php?rest_route=\/wp\/v2\/users\/1"}],"replies":[{"embeddable":true,"href":"https:\/\/www.gitaonnen.de\/index.php?rest_route=%2Fwp%2Fv2%2Fcomments&post=14"}],"version-history":[{"count":22,"href":"https:\/\/www.gitaonnen.de\/index.php?rest_route=\/wp\/v2\/pages\/14\/revisions"}],"predecessor-version":[{"id":589,"href":"https:\/\/www.gitaonnen.de\/index.php?rest_route=\/wp\/v2\/pages\/14\/revisions\/589"}],"wp:attachment":[{"href":"https:\/\/www.gitaonnen.de\/index.php?rest_route=%2Fwp%2Fv2%2Fmedia&parent=14"}],"curies":[{"name":"wp","href":"https:\/\/api.w.org\/{rel}","templated":true}]}}