{"id":22,"date":"2015-03-02T23:10:34","date_gmt":"2015-03-02T22:10:34","guid":{"rendered":"http:\/\/home.gitaonnen.de\/?page_id=22"},"modified":"2020-02-18T11:15:06","modified_gmt":"2020-02-18T10:15:06","slug":"meine-lehrer","status":"publish","type":"page","link":"https:\/\/www.gitaonnen.de\/?page_id=22","title":{"rendered":"Murshid SAM"},"content":{"rendered":"<p><a href=\"https:\/\/www.gitaonnen.de\/wp-content\/uploads\/2015\/03\/sam_segen.jpg\"><img loading=\"lazy\" decoding=\"async\" class=\"alignleft size-medium wp-image-44\" src=\"https:\/\/www.gitaonnen.de\/wp-content\/uploads\/2015\/03\/sam_segen-199x300.jpg\" alt=\"\" width=\"199\" height=\"300\" srcset=\"https:\/\/www.gitaonnen.de\/wp-content\/uploads\/2015\/03\/sam_segen-199x300.jpg 199w, https:\/\/www.gitaonnen.de\/wp-content\/uploads\/2015\/03\/sam_segen.jpg 200w\" sizes=\"auto, (max-width: 199px) 100vw, 199px\" \/><\/a>Grundlegend f\u00fcr die T\u00e4nze des Universellen Friedens waren Leben und Werk von <strong>Murshid Samuel L. Lewis<\/strong> (18.10.1896 &#8211; 15.01.1971), dem Begr\u00fcnder und &#8218;Vater&#8216; der T\u00e4nze. Seine lebendige, unkonventionelle Gegenwart wirkte ansteckend \u2013 er lebte die Vielfalt und Essenz des spirituellen Erbes dieser Erde. Auf freudige Weise vermittelte er das Bewu\u00dftsein f\u00fcr die Menschheit als eine einzige Familie \u2013 f\u00fcr ein besseres Verst\u00e4ndnis der Menschen untereinander.<\/p>\n<p>Unter sehr vielen anderen sind von ihm sind folgende Ausspr\u00fcche \u00fcberliefert:<br \/>\n<span style=\"color: #008000;\">&#8222;Einer der Gr\u00fcnde, weshalb ich diese Musik und den Tanz lehre, ist die Freude zu vermehren; nicht Ehrfucht einer anderen Person gegen\u00fcber, sondern Seligkeit in unserem eigenen Selbst. Das hei\u00dft, Gott, die Quelle, in sich selbst zu finden.&#8220;<\/span><\/p>\n<p><span style=\"color: #008000;\">&#8222;Gott\/G\u00f6ttin spricht zu den Ohren eines jeden Herzens, aber nicht jedes Herz h\u00f6rt diese Stimme.&#8220;<\/span><\/p>\n<p><span style=\"color: #008000;\">&#8222;Wirklich, obwohl wir in einer Welt von Gesang und Tanz zu sein scheinen, ist unser tiefstes Anliegen der Frieden auf Erden.&#8220;<\/span><\/p>\n<p><span style=\"color: #008000;\">\u201cOur work is to spread the knowledge and love and light of God. By stressing the positive, the affirmative, the true, we help ourselves and all humanity\u201d<\/span><br \/>\n<span style=\"color: #008000;\"> &#8222;Unsere Arbeit ist es, das Wissen and Liebe und Licht von Gott zu verbreiten. Indem wir das Positive verst\u00e4rken, das Affirmative, das Wahre, helfen wir uns selbst und der ganzen Menschheit.&#8220;<\/span><\/p>\n<p><span style=\"color: #ff00ff;\"><strong>Friedensgebet von Murshid SAM<\/strong>, das weltweit mittags um 12.00 Uhr 11 x gebetet wird, mit anschlie\u00dfend 3 Minuten Schweigen:<br \/>\n<strong><span style=\"font-size: 14pt;\">IN UNISON WITH THE WILL OF GOD WE WILL TO HAVE PEACE.<\/span><br \/>\n<span style=\"font-size: 14pt;\"> Im Einklang mit dem g\u00f6ttlichen Willen werden wir Frieden haben.<\/span><br \/>\n<\/strong><\/span><\/p>\n<p>Erinnerungen von Murshid Abraham an seine Zeit mit Murshid Samuel Lewis. Murshid Abraham ist ein direkter Sch\u00fcler von Murshid Sam; er lebt mit seiner Frau Murshida Halima in Boston\/USA. Die beiden sind sehr aktiv dabei, die Sufi-Botschaft weltweit zu verbreiten. <em>(auf englisch, mit deutscher \u00dcbersetzung)<\/em><\/p>\n<!--[if lt IE 9]><script>document.createElement('audio');<\/script><![endif]-->\n<audio class=\"wp-audio-shortcode\" id=\"audio-22-1\" preload=\"auto\" style=\"width: 100%;\" controls=\"controls\"><source type=\"audio\/mpeg\" src=\"https:\/\/www.gitaonnen.de\/wp-content\/uploads\/2015\/12\/murshid_abraham.mp3?_=1\" \/><a href=\"https:\/\/www.gitaonnen.de\/wp-content\/uploads\/2015\/12\/murshid_abraham.mp3\">https:\/\/www.gitaonnen.de\/wp-content\/uploads\/2015\/12\/murshid_abraham.mp3<\/a><\/audio>\n<p><a href=\"http:\/\/home.gitaonnen.de\/wp-content\/uploads\/2015\/12\/Hazrat_Inayat_Khan.jpg\" rel=\"attachment wp-att-174\"><img loading=\"lazy\" decoding=\"async\" class=\"alignright wp-image-174\" src=\"http:\/\/home.gitaonnen.de\/wp-content\/uploads\/2015\/12\/Hazrat_Inayat_Khan-150x300.jpg\" alt=\"Hazrat Inayat Khan\" width=\"96\" height=\"192\" srcset=\"https:\/\/www.gitaonnen.de\/wp-content\/uploads\/2015\/12\/Hazrat_Inayat_Khan-150x300.jpg 150w, https:\/\/www.gitaonnen.de\/wp-content\/uploads\/2015\/12\/Hazrat_Inayat_Khan.jpg 159w\" sizes=\"auto, (max-width: 96px) 100vw, 96px\" \/><\/a><\/p>\n<p>Murshid SAM. war stark beeinflusst durch den Kontakt und die Sch\u00fclerschaft zu seinen geistigen Lehrer <strong>Hazrat Inayat Khan <\/strong>(5. Juli 1882 &#8211; 5. Februar 1927)<strong>,<\/strong> der als erster die Botschaft des universellen Sufismus in den Westen brachte. <em>(Ausf\u00fchrliche <a href=\"https:\/\/de.wikipedia.org\/wiki\/Hazrat_Inayat_Khan\" target=\"_blank\" rel=\"noopener\">Info \u00fcber Hazrat Inayat Khan<\/a>)<\/em><\/p>\n<p><a href=\"http:\/\/home.gitaonnen.de\/wp-content\/uploads\/2015\/08\/moineddin.jpg\"><img loading=\"lazy\" decoding=\"async\" class=\"alignleft wp-image-78\" src=\"http:\/\/home.gitaonnen.de\/wp-content\/uploads\/2015\/08\/moineddin-260x300.jpg\" alt=\"moineddin\" width=\"180\" height=\"208\" srcset=\"https:\/\/www.gitaonnen.de\/wp-content\/uploads\/2015\/08\/moineddin-260x300.jpg 260w, https:\/\/www.gitaonnen.de\/wp-content\/uploads\/2015\/08\/moineddin.jpg 421w\" sizes=\"auto, (max-width: 180px) 100vw, 180px\" \/><\/a>Der Nachfolger von Murshid SAM.,<strong> Murshid Moinedin Jablonski<\/strong> (1. Januar 1942 &#8211; 27. Februar 2001) sagte einmal \u00fcber ihn:<\/p>\n<p><span style=\"color: #339966;\">\u201eIndem er spirituell war, wurde Samuel Lewis immer menschlicher; indem er menschlich war, vertiefte er die Bedeutung des Spirituellen\u201c.<\/span><\/p>\n<p>Ausspr\u00fcche von Murshid Moinedin, der nach dem Tod seines Lehrers Murshid S.A.M. 30 Jahre Pir in der Ruhaniat International war:<br \/>\n<span style=\"color: #339966;\">\u201cDeepen your compassion. Love the wounded places in you that need healing. Open yourself to the grace of illumination. Give freely of your joy. Share your neighbor&#8217;s burden. Through all these avenues, discover your Soul.\u201d<\/span><br \/>\n<span style=\"color: #339966;\"> &#8222;Vertiefe Dein Mitgef\u00fchl. Liebe die verwundeten Pl\u00e4tze in Dir, die Heilung brauchen. \u00d6ffne Dich f\u00fcr die Gnade der Erleuchtung. Gib gro\u00dfz\u00fcgig von Deiner Freude. Teile die Lasten Deines Nachbarn. Durch all diese Wege, entdecke Deine Seele.&#8220;<\/span><\/p>\n<p>und: <span style=\"color: #339966;\">&#8222;Ein Pir mu\u00df ein Strom der Liebe werden\u2026.&#8220;<\/span><\/p>\n<p>Zitat aus dem Buch &#8222;Das Geschenk des Lebens&#8220; von Moinedin Jablonski:<br \/>\n<span style=\"color: #339966;\">&#8222;Der Pir muss kein gro\u00dfer Lehrer werden, aber ein Pir muss ein Strom der Liebe werden. Ohne die F\u00e4higkeit, ein Strom der Liebe zu werden, ist man kein wahrer Pir. Wie wird man nun zum Strom der Liebe? Man wird zum Strom der Liebe, indem man in die lebendigen Wasser spiritueller Verwirklichung eintaucht. Und f\u00fcr einen Pir beginnt diese Verwirklichung mit fana-fi-Rasul, der Ausl\u00f6schung in den Geist eines oder mehrerer gro\u00dfer Lehrer der Menschheit, zu denen das Christuskind und die G\u00f6ttliche Mutter geh\u00f6ren k\u00f6nnen.<\/span><br \/>\n<span style=\"color: #339966;\"> Diese Liebe kann durch ein freundliches Wort kommen und sie kann durch eine aus dem Herzen entstehende Stille kommen. Diese Liebe kann durch den Blick, durch den Atem, durch die Atmosph\u00e4re kommen. &#8222;<\/span><\/p>\n<p><strong>Zu empfehlen ist auch: &#8222;Das Erleuchten des Schattens&#8220; von Moineddin Jablonski, Herausgeber Neil Douglas-Klotz.<\/strong><br \/>\nDas Buch webt Autobiographie, Briefe, Gedichte, Artikel und Interviews ineinander. Es bietet einen einzigartigen Einblick in das Leben eines erleuchteten Mystikers, der im Westen geboren wurde. Jablonski sah sich riesigen inneren und \u00e4u\u00dferen Herausforderungen gegen\u00fcber, als er sich bem\u00fchte, eine authentische, lebendige Sufitradition im Westen aufzubauen, die sich nicht auf Reichtum oder Familienvorrecht st\u00fctzt.<\/p>\n<p>aus &#8222;Danksagung f\u00fcr die deutsche Ausgabe&#8220;:<br \/>\n<span style=\"color: #339966;\">&#8222;Die Samen, die Moineddin in den Fu\u00dfspuren seines Lehrers Murshid SAM gelegt hat und die nun durch seinen Sch\u00fcler Murshid Saadi Neil Douglas-Klotz an uns, die n\u00e4chste Generation, weitergegeben wurden, sind aufgegangen.<\/span><br \/>\n<span style=\"color: #339966;\">Unser Dank gilt deshalb zuerst unserem Lehrer und Freund Saadi, der mit der Unterst\u00fctzung von vielen anderen dieses Buch herausgegeben hat und uns so einen ungeahnt neuen Zugang zu Moineddin geschenkt hat. Wir sind tief ber\u00fchrt davon. M\u00f6ge der Liebes- und Segensstrom, der Moineddins Lebensmission war, weiter flie\u00dfen!&#8220;<\/span><br \/>\nGita Sophia Onnen, als Initiatorin und Begleiterin des \u00dcbersetzungsprojektes<\/p>\n<p>Noch ein Zitat aus &#8222;Geschenk des Lebens&#8220; von Moineddin Jablonski:<br \/>\n<span style=\"color: #339966;\">&#8222;Der Atem ist genug,<\/span><br \/>\n<span style=\"color: #339966;\">das Herz ist genug,<\/span><br \/>\n<span style=\"color: #339966;\">das Auge ist genug,<\/span><br \/>\n<span style=\"color: #339966;\">die Atmosph\u00e4re ist genug.&#8220;<\/span><br \/>\naus Hiobs Tr\u00e4nen &#8211; Geschenk des Lebens, S. 57<\/p>\n<p><strong><a href=\"http:\/\/home.gitaonnen.de\/wp-content\/uploads\/2015\/08\/swami_ramadas_rund.jpg\"><img loading=\"lazy\" decoding=\"async\" class=\"alignleft size-thumbnail wp-image-80\" src=\"http:\/\/home.gitaonnen.de\/wp-content\/uploads\/2015\/08\/swami_ramadas_rund-150x150.jpg\" alt=\"swami_ramadas_rund\" width=\"150\" height=\"150\" srcset=\"https:\/\/www.gitaonnen.de\/wp-content\/uploads\/2015\/08\/swami_ramadas_rund-150x150.jpg 150w, https:\/\/www.gitaonnen.de\/wp-content\/uploads\/2015\/08\/swami_ramadas_rund-300x300.jpg 300w, https:\/\/www.gitaonnen.de\/wp-content\/uploads\/2015\/08\/swami_ramadas_rund.jpg 370w\" sizes=\"auto, (max-width: 150px) 100vw, 150px\" \/><\/a>Swami Papa Ramdas<\/strong>, ein Lehrer von Murshid Samuel Lewis<\/p>\n<p>OM SRI RAM JAI RAM JAI JAI RAM<\/p>\n<p>Erkl\u00e4re mit aller Freude die du aufbringen kannst:<br \/>\n<span style=\"color: #339966;\">\u201cIch bin die alles durchdringende, unzerst\u00f6rbare, anfanglose und endlose Wahrheit,<\/span><br \/>\n<span style=\"color: #339966;\"> deren Natur vollkommener Frieden und Gl\u00fcckseligkeit ist.<\/span><br \/>\n<span style=\"color: #339966;\"> Ich bin die allein existierende, allm\u00e4chtige Realit\u00e4t.<\/span><br \/>\n<span style=\"color: #339966;\"> Ich bin der freie, alterslose, geburtslose, immerw\u00e4hrende Geist.<\/span><br \/>\n<span style=\"color: #339966;\"> Krankheit, Armut, Angst und Wollen haben nichts mit mir zu tun.<\/span><br \/>\n<span style=\"color: #339966;\"> Ich bin Gl\u00fcckseligkeit &#8211; reine Gl\u00fcckseligkeit; Frieden &#8211; reiner Frieden.<\/span><br \/>\n<span style=\"color: #339966;\"> Ich bin das Licht allen Lichts, Ich bin die Urquelle aller Dinge.<\/span><br \/>\n<span style=\"color: #339966;\"> Ich bin Gott und es gibt keinen au\u00dfer \u201cIch\u201d.\u201d<\/span><\/p>\n<p>Meditiere dar\u00fcber bis du berauscht bist vom Gedanken deiner G\u00f6ttlichkeit,<br \/>\nbis du \u00fcbergehst und dich verlierst in dem grenzenlosen Ozean deiner unsterblichen Existenz und dieses gesegnete menschliche Leben zu einem im \u00dcberflu\u00df gesegneten machst.<\/p>\n<p>Text von Tansen Philip o&#8217;Donohoe, CD: The House of Tansen<br \/>\n<span style=\"color: #339966;\">Let peace begin with me<\/span><br \/>\n<span style=\"color: #339966;\"> let me be a source of harmony<\/span><br \/>\n<span style=\"color: #339966;\"> with a quiet mind and an open heart<\/span><br \/>\n<span style=\"color: #339966;\"> let me have the strength to start.<\/span><\/p>\n<p><span style=\"color: #339966;\">La\u00df Frieden mit mir beginnen,<\/span><br \/>\n<span style=\"color: #339966;\"> la\u00df mich eine Quelle von Harmonie sein,<\/span><br \/>\n<span style=\"color: #339966;\"> mit einem ruhigen Verstand und einem offenen Herzen,<\/span><br \/>\n<span style=\"color: #339966;\"> lass mich die St\u00e4rke haben, zu beginnen.<\/span><\/p>\n","protected":false},"excerpt":{"rendered":"<p>Grundlegend f\u00fcr die T\u00e4nze des Universellen Friedens waren Leben und Werk von Murshid Samuel L. Lewis (18.10.1896 &#8211; 15.01.1971), dem Begr\u00fcnder und &#8218;Vater&#8216; der T\u00e4nze. Seine lebendige, unkonventionelle Gegenwart wirkte ansteckend \u2013 er lebte die Vielfalt und Essenz des spirituellen <span class=\"excerpt-dots\">&hellip;<\/span> <a class=\"more-link\" href=\"https:\/\/www.gitaonnen.de\/?page_id=22\"><span class=\"more-msg\">Weiterlesen &rarr;<\/span><\/a><\/p>\n","protected":false},"author":1,"featured_media":0,"parent":0,"menu_order":0,"comment_status":"closed","ping_status":"open","template":"","meta":{"footnotes":""},"class_list":["post-22","page","type-page","status-publish","hentry"],"_links":{"self":[{"href":"https:\/\/www.gitaonnen.de\/index.php?rest_route=\/wp\/v2\/pages\/22","targetHints":{"allow":["GET"]}}],"collection":[{"href":"https:\/\/www.gitaonnen.de\/index.php?rest_route=\/wp\/v2\/pages"}],"about":[{"href":"https:\/\/www.gitaonnen.de\/index.php?rest_route=\/wp\/v2\/types\/page"}],"author":[{"embeddable":true,"href":"https:\/\/www.gitaonnen.de\/index.php?rest_route=\/wp\/v2\/users\/1"}],"replies":[{"embeddable":true,"href":"https:\/\/www.gitaonnen.de\/index.php?rest_route=%2Fwp%2Fv2%2Fcomments&post=22"}],"version-history":[{"count":24,"href":"https:\/\/www.gitaonnen.de\/index.php?rest_route=\/wp\/v2\/pages\/22\/revisions"}],"predecessor-version":[{"id":448,"href":"https:\/\/www.gitaonnen.de\/index.php?rest_route=\/wp\/v2\/pages\/22\/revisions\/448"}],"wp:attachment":[{"href":"https:\/\/www.gitaonnen.de\/index.php?rest_route=%2Fwp%2Fv2%2Fmedia&parent=22"}],"curies":[{"name":"wp","href":"https:\/\/api.w.org\/{rel}","templated":true}]}}