{"id":56,"date":"2015-03-03T20:47:04","date_gmt":"2015-03-03T19:47:04","guid":{"rendered":"http:\/\/home.gitaonnen.de\/?page_id=56"},"modified":"2025-11-14T12:53:42","modified_gmt":"2025-11-14T11:53:42","slug":"ruhaniat","status":"publish","type":"page","link":"https:\/\/www.gitaonnen.de\/?page_id=56","title":{"rendered":"Ruhaniat"},"content":{"rendered":"<p><strong><span style=\"color: #008000;\"><a style=\"color: #008000;\" href=\"http:\/\/home.gitaonnen.de\/wp-content\/uploads\/2016\/01\/sufiherz.jpg\" rel=\"attachment wp-att-201\"><img loading=\"lazy\" decoding=\"async\" class=\"wp-image-201 size-medium aligncenter\" src=\"http:\/\/home.gitaonnen.de\/wp-content\/uploads\/2016\/01\/sufiherz-300x150.jpg\" alt=\"sufiherz\" width=\"300\" height=\"150\" srcset=\"https:\/\/www.gitaonnen.de\/wp-content\/uploads\/2016\/01\/sufiherz-300x150.jpg 300w, https:\/\/www.gitaonnen.de\/wp-content\/uploads\/2016\/01\/sufiherz-768x383.jpg 768w, https:\/\/www.gitaonnen.de\/wp-content\/uploads\/2016\/01\/sufiherz-1024x511.jpg 1024w, https:\/\/www.gitaonnen.de\/wp-content\/uploads\/2016\/01\/sufiherz.jpg 1440w\" sizes=\"auto, (max-width: 300px) 100vw, 300px\" \/><\/a><\/span><\/strong><\/p>\n<p>Das Ruhaniat Jamiat Ahm &#8211; Treffen findet vom 17.- 22. M\u00e4rz 2026 in der Jugendherberge Am Hainich in Th\u00fcringen statt.<br \/>\nGastlehrerin: Murshida Mariam Baker, USA<br \/>\nN\u00e4here Infos: anmeldung@ruhaniat.de<\/p>\n<p><span style=\"color: #ffffff;\">a<\/span><\/p>\n","protected":false},"excerpt":{"rendered":"<p>Das Ruhaniat Jamiat Ahm &#8211; Treffen findet vom 17.- 22. M\u00e4rz 2026 in der Jugendherberge Am Hainich in Th\u00fcringen statt. Gastlehrerin: Murshida Mariam Baker, USA N\u00e4here Infos: anmeldung@ruhaniat.de a<\/p>\n <a class=\"more-link\" href=\"https:\/\/www.gitaonnen.de\/?page_id=56\"><span class=\"more-msg\">Weiterlesen &rarr;<\/span><\/a>","protected":false},"author":1,"featured_media":0,"parent":0,"menu_order":0,"comment_status":"closed","ping_status":"open","template":"","meta":{"footnotes":""},"class_list":["post-56","page","type-page","status-publish","hentry"],"_links":{"self":[{"href":"https:\/\/www.gitaonnen.de\/index.php?rest_route=\/wp\/v2\/pages\/56","targetHints":{"allow":["GET"]}}],"collection":[{"href":"https:\/\/www.gitaonnen.de\/index.php?rest_route=\/wp\/v2\/pages"}],"about":[{"href":"https:\/\/www.gitaonnen.de\/index.php?rest_route=\/wp\/v2\/types\/page"}],"author":[{"embeddable":true,"href":"https:\/\/www.gitaonnen.de\/index.php?rest_route=\/wp\/v2\/users\/1"}],"replies":[{"embeddable":true,"href":"https:\/\/www.gitaonnen.de\/index.php?rest_route=%2Fwp%2Fv2%2Fcomments&post=56"}],"version-history":[{"count":30,"href":"https:\/\/www.gitaonnen.de\/index.php?rest_route=\/wp\/v2\/pages\/56\/revisions"}],"predecessor-version":[{"id":588,"href":"https:\/\/www.gitaonnen.de\/index.php?rest_route=\/wp\/v2\/pages\/56\/revisions\/588"}],"wp:attachment":[{"href":"https:\/\/www.gitaonnen.de\/index.php?rest_route=%2Fwp%2Fv2%2Fmedia&parent=56"}],"curies":[{"name":"wp","href":"https:\/\/api.w.org\/{rel}","templated":true}]}}