{"id":65,"date":"2015-03-03T20:53:24","date_gmt":"2015-03-03T19:53:24","guid":{"rendered":"http:\/\/home.gitaonnen.de\/?page_id=65"},"modified":"2025-11-14T12:50:10","modified_gmt":"2025-11-14T11:50:10","slug":"kontakt","status":"publish","type":"page","link":"https:\/\/www.gitaonnen.de\/?page_id=65","title":{"rendered":"Kontakt"},"content":{"rendered":"<p>F\u00fcr Informationen zu meiner Arbeit mit der Soulwork (meditative Seelenarbeit), den T\u00e4nzen des Universellen Friedens und f\u00fcr Sufi-Ruhaniat-International k\u00f6nnen Sie mir gerne eine e-mail schicken an:<\/p>\n<p><a href=\"mailto:gita.onnen@web.de\">gita.onnen@web.de<\/a><\/p>\n<p>Meine Postadresse und Telefonnummer lauten:<\/p>\n<p>Gita Onnen<br \/>\nUhlandstr. 60<br \/>\nD-13156 Berlin<\/p>\n<p>Tel.: 0049 &#8211; (0)30 &#8211; 791 52 11<\/p>\n","protected":false},"excerpt":{"rendered":"<p>F\u00fcr Informationen zu meiner Arbeit mit der Soulwork (meditative Seelenarbeit), den T\u00e4nzen des Universellen Friedens und f\u00fcr Sufi-Ruhaniat-International k\u00f6nnen Sie mir gerne eine e-mail schicken an: gita.onnen@web.de Meine Postadresse und Telefonnummer lauten: Gita Onnen Uhlandstr. 60 D-13156 Berlin Tel.: 0049 <span class=\"excerpt-dots\">&hellip;<\/span> <a class=\"more-link\" href=\"https:\/\/www.gitaonnen.de\/?page_id=65\"><span class=\"more-msg\">Weiterlesen &rarr;<\/span><\/a><\/p>\n","protected":false},"author":1,"featured_media":0,"parent":0,"menu_order":0,"comment_status":"closed","ping_status":"open","template":"","meta":{"footnotes":""},"class_list":["post-65","page","type-page","status-publish","hentry"],"_links":{"self":[{"href":"https:\/\/www.gitaonnen.de\/index.php?rest_route=\/wp\/v2\/pages\/65","targetHints":{"allow":["GET"]}}],"collection":[{"href":"https:\/\/www.gitaonnen.de\/index.php?rest_route=\/wp\/v2\/pages"}],"about":[{"href":"https:\/\/www.gitaonnen.de\/index.php?rest_route=\/wp\/v2\/types\/page"}],"author":[{"embeddable":true,"href":"https:\/\/www.gitaonnen.de\/index.php?rest_route=\/wp\/v2\/users\/1"}],"replies":[{"embeddable":true,"href":"https:\/\/www.gitaonnen.de\/index.php?rest_route=%2Fwp%2Fv2%2Fcomments&post=65"}],"version-history":[{"count":3,"href":"https:\/\/www.gitaonnen.de\/index.php?rest_route=\/wp\/v2\/pages\/65\/revisions"}],"predecessor-version":[{"id":587,"href":"https:\/\/www.gitaonnen.de\/index.php?rest_route=\/wp\/v2\/pages\/65\/revisions\/587"}],"wp:attachment":[{"href":"https:\/\/www.gitaonnen.de\/index.php?rest_route=%2Fwp%2Fv2%2Fmedia&parent=65"}],"curies":[{"name":"wp","href":"https:\/\/api.w.org\/{rel}","templated":true}]}}