{"id":85,"date":"2015-08-13T10:19:22","date_gmt":"2015-08-13T09:19:22","guid":{"rendered":"http:\/\/home.gitaonnen.de\/?page_id=85"},"modified":"2025-11-29T15:12:39","modified_gmt":"2025-11-29T14:12:39","slug":"alle","status":"publish","type":"page","link":"https:\/\/www.gitaonnen.de\/?page_id=85","title":{"rendered":"\u00dcbersicht"},"content":{"rendered":"<p><strong>EINZEL-SITZUNGEN mit SOULWORK (Seelenarbeit) sind (auch per Zoom) mit Sophia nach Verabredung m\u00f6glich<\/strong><br \/>\nInfo: Sophia, gita.onnen@web.de<\/p>\n<h3><span style=\"font-size: 20pt; color: #339966;\"><strong>Termine in 2025:<\/strong><\/span><\/h3>\n<div class=\"\"><strong>10.-12. Oktober in Berlin-Pankow<\/strong><\/div>\n<div class=\"\">T\u00e4nze und meditative Seelenarbeit (Soulwork)<\/div>\n<div class=\"\">\n<p><strong>Info + Anmeldung:<\/strong><br \/>\ngita.onnen@web.de<\/p>\n<\/div>\n<div class=\"\"><strong>16.-18. November in Berlin-Pankow, zus. mit Sagara Sophia<\/strong><\/div>\n<div class=\"\">OM SHANTI OM &#8211; Friedensseminar<\/div>\n<div class=\"\">Der tiefste Frieden, nach dem wir uns so sehr sehnen, beginnt in uns selbst.<\/div>\n<p><strong>Info + Anmeldung:<\/strong><br \/>\ngita.onnen@web.de<\/p>\n<h3><span style=\"color: #339966;\"><strong>Termine in 2026:<\/strong><\/span><\/h3>\n<p><strong>6.-8. M\u00e4rz in Behringersdorf bei N\u00fcrnberg, zus. mit Rafia Sieglin<\/strong><br \/>\nDer heilige Raum unserer Seele<br \/>\nEintauchen in die Friedenst\u00e4nze und das Erleben unserer Sch\u00f6nheit in der Seelenarbeit.<br \/>\nDort k\u00f6nnen wir Kontakt zu unserer tiefen Weisheit &#8211; unserer lichtvollen g\u00f6ttlichen Seele aufnehmen- sie ist so sch\u00f6pferisch!<br \/>\nWir werden \u00fcberrascht sein, wieviel innere Unterst\u00fctzung es f\u00fcr uns gibt &#8211; wenn wir sie einladen. Soviel Segen kann zu uns kommen!<br \/>\n<strong>Info + Anmeldung:<\/strong><br \/>\nrafiasieglin@gmx.de<\/p>\n<p><strong>27. &#8211; 29.3. meditative Seelenarbeit und T\u00e4nze in Berlin-Pankow<\/strong><br \/>\nEine kleine Gruppe, wo wir in die tiefe Weisheit und Kreativit\u00e4t<br \/>\nunserer Seelen eintauchen. Stille. Erwecken der Lebensfreude<br \/>\nUnd gro\u00dfer Dankbarkeit f\u00fcr das, was ist.<br \/>\n<strong>Info + Anmeldung:<\/strong><br \/>\ngita.onnen@web.de<\/p>\n<p><strong>10.-12. April in Berlin-Pankow, zus. mit Sagara Sophia<\/strong><br \/>\nDAS ATMENDE LEBEN IN ALLEM &#8211; ABWUN D\u2019BASHMAYA<br \/>\nMit den aram\u00e4ischen Worten von Jesus tauchen wir tief ein in das Licht unserer Seelen &#8211;<br \/>\nHeilende Ges\u00e4nge &#8211; T\u00e4nze &#8211; Atem- u. Geh-Meditationen &#8211; Soulwork (Seelenarbeit) &#8211; Stille &#8211; Gemeinschaft<br \/>\n<strong>Info + Anmeldung:<\/strong><br \/>\ngita.onnen@web.de und sagara-sophia@gmx.de<\/p>\n<p><strong>17.-19. April in Hitzacker, zus. mit Cornelia Sch\u00f6n u. Nicola Prelle<\/strong><br \/>\nDie Kraft der Seele &#8211; sie unterst\u00fctzt uns dabei, Verborgenes ans Licht zu bringen<br \/>\n\u201eMy soul is my guide\u201c Rumi<br \/>\n<strong>Info + Anmeldung:<\/strong><br \/>\nCornelia Sch\u00f6n, feuerpferde@t-online.de<\/p>\n<p><strong>28.-30.8. meditative Seelenarbeit und T\u00e4nze in Berlin-Pankow<\/strong><br \/>\nsiehe oben<br \/>\n<strong>Info + Anmeldung:<\/strong><br \/>\ngita.onnen@web.de<\/p>\n<p><strong>16.-18.10. meditative Seelenarbeit und T\u00e4nze in Berlin-Pankow<\/strong><br \/>\nsiehe oben<br \/>\n<strong>Info + Anmeldung:<\/strong><br \/>\ngita.onnen@web.de<\/p>\n<p><strong>29.-31. Okt. Vertiefungswochenende in Ruhau, zus. mit Rafia<\/strong><br \/>\nDie Kraft der meditativen G\u00e4nge von Murshid SAM: Zentren, Elemente, Wazifas, Planeten, gro\u00dfe Seelen.<br \/>\nAu\u00dferdem tauchen wir ein in die innere meditative Soulwork, um der gro\u00dfen Weisheit unserer Seelen zu begegnen.<br \/>\nWir lassen uns n\u00e4hren &#8211; auch von den Friedenst\u00e4nzen.<br \/>\n<strong>Info + Anmeldung:<\/strong><br \/>\nrafiasieglin@gmx.de<\/p>\n<p><strong>4. &#8211; 6. Dezember DER HEILZYKLUS DER ARAM\u00c4ISCHEN SELIGPREISUNGEN<\/strong><br \/>\nzus. mit Sagara Sophia<br \/>\nWir st\u00e4rken unsere tiefe Verbundenheit mit der heilenden Liebeskraft von Mutter Erde, \u00f6ffnen uns f\u00fcr unsere Heilung auf allen Ebenen.<br \/>\nMit den Aram\u00e4ischen Gebetst\u00e4nzen, T\u00e4nzen des Universellen Friedens und G\u00e4ngen erfahren wir unsere Wachheit, die Verk\u00f6rperung in der Gemeinschaft. Meditative Soulwork und Atem-Meditationen \u00f6ffnen den Raum f\u00fcr Stille, lassen uns neu \u201ewahrnehmen und sp\u00fcren\u201c und bewu\u00dft Ankommen im &#8222;Hier und Jetzt\u201c.<br \/>\n<strong>Info + Anmeldung:<\/strong><br \/>\ngita.onnen@web.de und sagara-sophia@gmx.de<\/p>\n<p>&nbsp;<\/p>\n","protected":false},"excerpt":{"rendered":"<p>EINZEL-SITZUNGEN mit SOULWORK (Seelenarbeit) sind (auch per Zoom) mit Sophia nach Verabredung m\u00f6glich Info: Sophia, gita.onnen@web.de Termine in 2025: 10.-12. Oktober in Berlin-Pankow T\u00e4nze und meditative Seelenarbeit (Soulwork) Info + Anmeldung: gita.onnen@web.de 16.-18. November in Berlin-Pankow, zus. mit Sagara Sophia <span class=\"excerpt-dots\">&hellip;<\/span> <a class=\"more-link\" href=\"https:\/\/www.gitaonnen.de\/?page_id=85\"><span class=\"more-msg\">Weiterlesen &rarr;<\/span><\/a><\/p>\n","protected":false},"author":1,"featured_media":0,"parent":0,"menu_order":0,"comment_status":"closed","ping_status":"open","template":"","meta":{"footnotes":""},"class_list":["post-85","page","type-page","status-publish","hentry"],"_links":{"self":[{"href":"https:\/\/www.gitaonnen.de\/index.php?rest_route=\/wp\/v2\/pages\/85","targetHints":{"allow":["GET"]}}],"collection":[{"href":"https:\/\/www.gitaonnen.de\/index.php?rest_route=\/wp\/v2\/pages"}],"about":[{"href":"https:\/\/www.gitaonnen.de\/index.php?rest_route=\/wp\/v2\/types\/page"}],"author":[{"embeddable":true,"href":"https:\/\/www.gitaonnen.de\/index.php?rest_route=\/wp\/v2\/users\/1"}],"replies":[{"embeddable":true,"href":"https:\/\/www.gitaonnen.de\/index.php?rest_route=%2Fwp%2Fv2%2Fcomments&post=85"}],"version-history":[{"count":126,"href":"https:\/\/www.gitaonnen.de\/index.php?rest_route=\/wp\/v2\/pages\/85\/revisions"}],"predecessor-version":[{"id":593,"href":"https:\/\/www.gitaonnen.de\/index.php?rest_route=\/wp\/v2\/pages\/85\/revisions\/593"}],"wp:attachment":[{"href":"https:\/\/www.gitaonnen.de\/index.php?rest_route=%2Fwp%2Fv2%2Fmedia&parent=85"}],"curies":[{"name":"wp","href":"https:\/\/api.w.org\/{rel}","templated":true}]}}